{"id":717,"date":"2023-04-30T13:37:37","date_gmt":"2023-04-30T11:37:37","guid":{"rendered":"http:\/\/new.collagenius.hu\/masthead\/"},"modified":"2024-06-05T14:34:59","modified_gmt":"2024-06-05T12:34:59","slug":"impress","status":"publish","type":"page","link":"https:\/\/collagenius.hu\/en\/impress\/","title":{"rendered":"masthead"},"content":{"rendered":"<div class=\"fusion-fullwidth fullwidth-box fusion-builder-row-1 fusion-flex-container has-pattern-background has-mask-background nonhundred-percent-fullwidth non-hundred-percent-height-scrolling\" style=\"--awb-border-radius-top-left:0px;--awb-border-radius-top-right:0px;--awb-border-radius-bottom-right:0px;--awb-border-radius-bottom-left:0px;--awb-flex-wrap:wrap;\" ><div class=\"fusion-builder-row fusion-row fusion-flex-align-items-flex-start fusion-flex-content-wrap\" style=\"max-width:1181.44px;margin-left: calc(-4% \/ 2 );margin-right: calc(-4% \/ 2 );\"><div class=\"fusion-layout-column fusion_builder_column fusion-builder-column-0 fusion_builder_column_1_1 1_1 fusion-flex-column\" style=\"--awb-bg-size:cover;--awb-width-large:100%;--awb-margin-top-large:0px;--awb-spacing-right-large:1.92%;--awb-margin-bottom-large:20px;--awb-spacing-left-large:1.92%;--awb-width-medium:100%;--awb-order-medium:0;--awb-spacing-right-medium:1.92%;--awb-spacing-left-medium:1.92%;--awb-width-small:100%;--awb-order-small:0;--awb-spacing-right-small:1.92%;--awb-spacing-left-small:1.92%;\"><div class=\"fusion-column-wrapper fusion-column-has-shadow fusion-flex-justify-content-flex-start fusion-content-layout-column\"><div class=\"fusion-text fusion-text-1\"><h2 style=\"font-weight: 400;\"><strong>Details of the Service Provider (Seller, Company)<\/strong><\/h2>\n<p style=\"font-weight: 400;\"><strong>Name<\/strong>: collagenius Ltd.<\/p>\n<p style=\"font-weight: 400;\"><strong>Registered office<\/strong>: 3348 Szilv\u00e1sv\u00e1rad, Park utca 9\/11.<\/p>\n<p style=\"font-weight: 400;\"><strong>Postal address<\/strong>: 3348 Szilv\u00e1sv\u00e1rad, Park utca 9\/11.<\/p>\n<p style=\"font-weight: 400;\"><strong>Registering authority<\/strong>: C\u00e9gb\u00edr\u00f3s\u00e1ga Egri T\u00f6rv\u00e9nysz\u00e9k<\/p>\n<p style=\"font-weight: 400;\"><strong>Company registration number<\/strong>: 10-09-038850<\/p>\n<p style=\"font-weight: 400;\"><strong>Tax number<\/strong>: 29309281-2-10<\/p>\n<p style=\"font-weight: 400;\"><strong>Representative<\/strong>: Dr. Hampel Ferenc<\/p>\n<p style=\"font-weight: 400;\"><strong>Phone number<\/strong>: +36 30 595 2055<\/p>\n<p style=\"font-weight: 400;\"><strong>E-mail<\/strong>: info@collagenius.hu<\/p>\n<p style=\"font-weight: 400;\"><strong>Website<\/strong>: www.collagenius.hu<\/p>\n<p style=\"font-weight: 400;\"><strong>Bank account number: <\/strong>10300002-10613027-49020018 (Ft) MBH BANK<\/p>\n<p style=\"font-weight: 400;\"><strong>Additional bank account number: <\/strong>11703006-25980662-00000000 OTP BANK<\/p>\n<p style=\"font-weight: 400;\"><strong>Data protection registration number<\/strong>:<\/p>\n<p style=\"font-weight: 400;\"><strong>Details of the hosting provider<\/strong><\/p>\n<p style=\"font-weight: 400;\"><strong>Name<\/strong>: Hungarian Hosting Kft.<\/p>\n<p style=\"font-weight: 400;\"><strong>Head office<\/strong>: 1132 Budapest, Victor Hugo utca 18-22.<\/p>\n<p style=\"font-weight: 400;\"><strong>Contact<\/strong>: <a href=\"tel:06201%201%3\">+36 1 700 2323<\/a>, <a href=\"mailto:info@mhosting.hu\">info@mhosting.hu<\/a><\/p>\n<p style=\"font-weight: 400;\"><strong>Website:<\/strong> <a href=\"https:\/\/online.mhosting.hu\/clientarea.php\">https:\/\/online.mhosting.hu<\/a><\/p>\n<\/div><\/div><\/div><\/div><\/div>\n","protected":false},"excerpt":{"rendered":"","protected":false},"author":1,"featured_media":0,"parent":0,"menu_order":0,"comment_status":"closed","ping_status":"closed","template":"","meta":{"_acf_changed":false,"footnotes":""},"class_list":["post-717","page","type-page","status-publish","hentry"],"acf":[],"yoast_head":"<!-- This site is optimized with the Yoast SEO Premium plugin v26.7 (Yoast SEO v27.3) - https:\/\/yoast.com\/product\/yoast-seo-premium-wordpress\/ -->\n<title>masthead - Collagenius - Webshop<\/title>\n<meta name=\"robots\" content=\"index, follow, max-snippet:-1, max-image-preview:large, max-video-preview:-1\" \/>\n<link rel=\"canonical\" href=\"https:\/\/collagenius.hu\/en\/impress\/\" \/>\n<meta property=\"og:locale\" content=\"en_US\" \/>\n<meta property=\"og:type\" content=\"article\" \/>\n<meta property=\"og:title\" content=\"masthead Collagenius - Webshop\" \/>\n<meta property=\"og:url\" content=\"https:\/\/collagenius.hu\/en\/impress\/\" \/>\n<meta property=\"og:site_name\" content=\"Collagenius - Webshop\" \/>\n<meta property=\"article:publisher\" content=\"https:\/\/www.facebook.com\/CollageniusHun\" \/>\n<meta property=\"article:modified_time\" content=\"2024-06-05T12:34:59+00:00\" \/>\n<meta property=\"og:image\" content=\"https:\/\/collagenius.hu\/wp-content\/uploads\/2023\/06\/collagenius_facebook_share.png\" \/>\n\t<meta property=\"og:image:width\" content=\"1200\" \/>\n\t<meta property=\"og:image:height\" content=\"630\" \/>\n\t<meta property=\"og:image:type\" content=\"image\/png\" \/>\n<meta name=\"twitter:card\" content=\"summary_large_image\" \/>\n<script type=\"application\/ld+json\" class=\"yoast-schema-graph\">{\"@context\":\"https:\\\/\\\/schema.org\",\"@graph\":[{\"@type\":\"WebPage\",\"@id\":\"https:\\\/\\\/collagenius.hu\\\/en\\\/impress\\\/\",\"url\":\"https:\\\/\\\/collagenius.hu\\\/en\\\/impress\\\/\",\"name\":\"masthead - Collagenius - Webshop\",\"isPartOf\":{\"@id\":\"https:\\\/\\\/collagenius.hu\\\/en\\\/#website\"},\"datePublished\":\"2023-04-30T11:37:37+00:00\",\"dateModified\":\"2024-06-05T12:34:59+00:00\",\"breadcrumb\":{\"@id\":\"https:\\\/\\\/collagenius.hu\\\/en\\\/impress\\\/#breadcrumb\"},\"inLanguage\":\"en-US\",\"potentialAction\":[{\"@type\":\"ReadAction\",\"target\":[\"https:\\\/\\\/collagenius.hu\\\/en\\\/impress\\\/\"]}]},{\"@type\":\"BreadcrumbList\",\"@id\":\"https:\\\/\\\/collagenius.hu\\\/en\\\/impress\\\/#breadcrumb\",\"itemListElement\":[{\"@type\":\"ListItem\",\"position\":1,\"name\":\"Kezd\u0151lap\",\"item\":\"https:\\\/\\\/collagenius.hu\\\/en\\\/\"},{\"@type\":\"ListItem\",\"position\":2,\"name\":\"masthead\"}]},{\"@type\":\"WebSite\",\"@id\":\"https:\\\/\\\/collagenius.hu\\\/en\\\/#website\",\"url\":\"https:\\\/\\\/collagenius.hu\\\/en\\\/\",\"name\":\"Collagenius\",\"description\":\"A Collagenius egy magyar orvosok \u00e1ltal kifejlesztett, nagyon magas tisztas\u00e1g\u00fa, kiemelked\u0151 min\u0151s\u00e9g\u0171 kollag\u00e9n term\u00e9k\",\"publisher\":{\"@id\":\"https:\\\/\\\/collagenius.hu\\\/en\\\/#organization\"},\"potentialAction\":[{\"@type\":\"SearchAction\",\"target\":{\"@type\":\"EntryPoint\",\"urlTemplate\":\"https:\\\/\\\/collagenius.hu\\\/en\\\/?s={search_term_string}\"},\"query-input\":{\"@type\":\"PropertyValueSpecification\",\"valueRequired\":true,\"valueName\":\"search_term_string\"}}],\"inLanguage\":\"en-US\"},{\"@type\":\"Organization\",\"@id\":\"https:\\\/\\\/collagenius.hu\\\/en\\\/#organization\",\"name\":\"Collagenius - Webshop\",\"url\":\"https:\\\/\\\/collagenius.hu\\\/en\\\/\",\"logo\":{\"@type\":\"ImageObject\",\"inLanguage\":\"en-US\",\"@id\":\"https:\\\/\\\/collagenius.hu\\\/en\\\/#\\\/schema\\\/logo\\\/image\\\/\",\"url\":\"https:\\\/\\\/collagenius.hu\\\/wp-content\\\/uploads\\\/2023\\\/04\\\/Collagenius-logo@2x.png\",\"contentUrl\":\"https:\\\/\\\/collagenius.hu\\\/wp-content\\\/uploads\\\/2023\\\/04\\\/Collagenius-logo@2x.png\",\"width\":284,\"height\":80,\"caption\":\"Collagenius - Webshop\"},\"image\":{\"@id\":\"https:\\\/\\\/collagenius.hu\\\/en\\\/#\\\/schema\\\/logo\\\/image\\\/\"},\"sameAs\":[\"https:\\\/\\\/www.facebook.com\\\/CollageniusHun\",\"https:\\\/\\\/www.instagram.com\\\/collageniushun\\\/\",\"https:\\\/\\\/www.youtube.com\\\/channel\\\/UCfx20slTV8NJxJ_a08WgARw\"]}]}<\/script>\n<!-- \/ Yoast SEO Premium plugin. -->","yoast_head_json":{"title":"masthead - Collagenius - Webshop","robots":{"index":"index","follow":"follow","max-snippet":"max-snippet:-1","max-image-preview":"max-image-preview:large","max-video-preview":"max-video-preview:-1"},"canonical":"https:\/\/collagenius.hu\/en\/impress\/","og_locale":"en_US","og_type":"article","og_title":"masthead Collagenius - Webshop","og_url":"https:\/\/collagenius.hu\/en\/impress\/","og_site_name":"Collagenius - Webshop","article_publisher":"https:\/\/www.facebook.com\/CollageniusHun","article_modified_time":"2024-06-05T12:34:59+00:00","og_image":[{"width":1200,"height":630,"url":"https:\/\/collagenius.hu\/wp-content\/uploads\/2023\/06\/collagenius_facebook_share.png","type":"image\/png"}],"twitter_card":"summary_large_image","schema":{"@context":"https:\/\/schema.org","@graph":[{"@type":"WebPage","@id":"https:\/\/collagenius.hu\/en\/impress\/","url":"https:\/\/collagenius.hu\/en\/impress\/","name":"masthead - Collagenius - Webshop","isPartOf":{"@id":"https:\/\/collagenius.hu\/en\/#website"},"datePublished":"2023-04-30T11:37:37+00:00","dateModified":"2024-06-05T12:34:59+00:00","breadcrumb":{"@id":"https:\/\/collagenius.hu\/en\/impress\/#breadcrumb"},"inLanguage":"en-US","potentialAction":[{"@type":"ReadAction","target":["https:\/\/collagenius.hu\/en\/impress\/"]}]},{"@type":"BreadcrumbList","@id":"https:\/\/collagenius.hu\/en\/impress\/#breadcrumb","itemListElement":[{"@type":"ListItem","position":1,"name":"Kezd\u0151lap","item":"https:\/\/collagenius.hu\/en\/"},{"@type":"ListItem","position":2,"name":"masthead"}]},{"@type":"WebSite","@id":"https:\/\/collagenius.hu\/en\/#website","url":"https:\/\/collagenius.hu\/en\/","name":"Collagenius","description":"A Collagenius egy magyar orvosok \u00e1ltal kifejlesztett, nagyon magas tisztas\u00e1g\u00fa, kiemelked\u0151 min\u0151s\u00e9g\u0171 kollag\u00e9n term\u00e9k","publisher":{"@id":"https:\/\/collagenius.hu\/en\/#organization"},"potentialAction":[{"@type":"SearchAction","target":{"@type":"EntryPoint","urlTemplate":"https:\/\/collagenius.hu\/en\/?s={search_term_string}"},"query-input":{"@type":"PropertyValueSpecification","valueRequired":true,"valueName":"search_term_string"}}],"inLanguage":"en-US"},{"@type":"Organization","@id":"https:\/\/collagenius.hu\/en\/#organization","name":"Collagenius - Webshop","url":"https:\/\/collagenius.hu\/en\/","logo":{"@type":"ImageObject","inLanguage":"en-US","@id":"https:\/\/collagenius.hu\/en\/#\/schema\/logo\/image\/","url":"https:\/\/collagenius.hu\/wp-content\/uploads\/2023\/04\/Collagenius-logo@2x.png","contentUrl":"https:\/\/collagenius.hu\/wp-content\/uploads\/2023\/04\/Collagenius-logo@2x.png","width":284,"height":80,"caption":"Collagenius - Webshop"},"image":{"@id":"https:\/\/collagenius.hu\/en\/#\/schema\/logo\/image\/"},"sameAs":["https:\/\/www.facebook.com\/CollageniusHun","https:\/\/www.instagram.com\/collageniushun\/","https:\/\/www.youtube.com\/channel\/UCfx20slTV8NJxJ_a08WgARw"]}]}},"_links":{"self":[{"href":"https:\/\/collagenius.hu\/en\/wp-json\/wp\/v2\/pages\/717","targetHints":{"allow":["GET"]}}],"collection":[{"href":"https:\/\/collagenius.hu\/en\/wp-json\/wp\/v2\/pages"}],"about":[{"href":"https:\/\/collagenius.hu\/en\/wp-json\/wp\/v2\/types\/page"}],"author":[{"embeddable":true,"href":"https:\/\/collagenius.hu\/en\/wp-json\/wp\/v2\/users\/1"}],"replies":[{"embeddable":true,"href":"https:\/\/collagenius.hu\/en\/wp-json\/wp\/v2\/comments?post=717"}],"version-history":[{"count":3,"href":"https:\/\/collagenius.hu\/en\/wp-json\/wp\/v2\/pages\/717\/revisions"}],"predecessor-version":[{"id":3910,"href":"https:\/\/collagenius.hu\/en\/wp-json\/wp\/v2\/pages\/717\/revisions\/3910"}],"wp:attachment":[{"href":"https:\/\/collagenius.hu\/en\/wp-json\/wp\/v2\/media?parent=717"}],"curies":[{"name":"wp","href":"https:\/\/api.w.org\/{rel}","templated":true}]}}