{"id":3350,"date":"2024-01-22T10:04:27","date_gmt":"2024-01-22T09:04:27","guid":{"rendered":"https:\/\/collagenius.hu\/?post_type=product&#038;p=3350"},"modified":"2024-01-22T12:21:08","modified_gmt":"2024-01-22T11:21:08","slug":"collageniplus-mit-kaffee-geschmack-masolat","status":"publish","type":"product","link":"https:\/\/collagenius.hu\/de\/termek\/collageniplus-mit-kaffee-geschmack-masolat\/","title":{"rendered":"COLLAGENIPLUS &#8211; gemischter Geschmack (Mix)"},"content":{"rendered":"","protected":false},"excerpt":{"rendered":"<p>Das CollageniPlus-Sortiment an gemischten Packungen ist da, mit 6-6 Beuteln von jeder der f\u00fcnf Geschmacksrichtungen in einer Box, die einen Monatsvorrat enth\u00e4lt.<br \/>\nWir haben auch Vanille, Kaffee, wei\u00dfe Kokosnussschokolade, gesalzenes Karamell und gr\u00fcnen Apfel in den Dienst der Sch\u00f6nheit der Haut gestellt!<\/p>\n<p>Unser brandneues Produkt mit 5 000 mg Kollagenpeptid, Elastin und Ceramiden pro Portion f\u00fcr Elastizit\u00e4t, Festigkeit und jugendliche Haut!<\/p>\n<p>Probieren Sie es allein aus, oder noch besser in Kombination mit unserem geschmacksneutralen Collagenius f\u00fcr einen noch spektakul\u00e4reren Effekt!<\/p>\n<p>&nbsp;<\/p>\n","protected":false},"featured_media":3354,"comment_status":"open","ping_status":"closed","template":"","meta":{"_acf_changed":false},"product_brand":[],"product_cat":[64],"product_tag":[],"class_list":{"0":"post-3350","1":"product","2":"type-product","3":"status-publish","4":"has-post-thumbnail","6":"product_cat-kollagen-de","8":"first","9":"outofstock","10":"featured","11":"taxable","12":"shipping-taxable","13":"purchasable","14":"product-type-simple"},"acf":[],"yoast_head":"<!-- This site is optimized with the Yoast SEO Premium plugin v26.7 (Yoast SEO v27.3) - https:\/\/yoast.com\/product\/yoast-seo-premium-wordpress\/ -->\n<title>COLLAGENIPLUS - gemischter Geschmack (Mix) - Collagenius - Webshop<\/title>\n<meta name=\"robots\" content=\"index, follow, max-snippet:-1, max-image-preview:large, max-video-preview:-1\" \/>\n<link rel=\"canonical\" href=\"https:\/\/collagenius.hu\/de\/termek\/collageniplus-mit-kaffee-geschmack-masolat\/\" \/>\n<meta property=\"og:locale\" content=\"de_DE\" \/>\n<meta property=\"og:type\" content=\"article\" \/>\n<meta property=\"og:title\" content=\"COLLAGENIPLUS - gemischter Geschmack (Mix)\" \/>\n<meta property=\"og:description\" content=\"Das CollageniPlus-Sortiment an gemischten Packungen ist da, mit 6-6 Beuteln von jeder der f\u00fcnf Geschmacksrichtungen in einer Box, die einen Monatsvorrat enth\u00e4lt. Wir haben auch Vanille, Kaffee, wei\u00dfe Kokosnussschokolade, gesalzenes Karamell und gr\u00fcnen Apfel in den Dienst der Sch\u00f6nheit der Haut gestellt! Unser brandneues Produkt mit 5 000 mg Kollagenpeptid, Elastin und Ceramiden pro Portion f\u00fcr Elastizit\u00e4t, Festigkeit und jugendliche Haut! Probieren Sie es allein aus, oder noch besser in Kombination mit unserem geschmacksneutralen Collagenius f\u00fcr einen noch spektakul\u00e4reren Effekt! &nbsp;\" \/>\n<meta property=\"og:url\" content=\"https:\/\/collagenius.hu\/de\/termek\/collageniplus-mit-kaffee-geschmack-masolat\/\" \/>\n<meta property=\"og:site_name\" content=\"Collagenius - Webshop\" \/>\n<meta property=\"article:publisher\" content=\"https:\/\/www.facebook.com\/CollageniusHun\" \/>\n<meta property=\"article:modified_time\" content=\"2024-01-22T11:21:08+00:00\" \/>\n<meta property=\"og:image\" content=\"https:\/\/collagenius.hu\/wp-content\/uploads\/2024\/01\/collagenius_latvany_osszes_2.jpg\" \/>\n\t<meta property=\"og:image:width\" content=\"2048\" \/>\n\t<meta property=\"og:image:height\" content=\"2048\" \/>\n\t<meta property=\"og:image:type\" content=\"image\/jpeg\" \/>\n<meta name=\"twitter:card\" content=\"summary_large_image\" \/>\n<script type=\"application\/ld+json\" class=\"yoast-schema-graph\">{\"@context\":\"https:\\\/\\\/schema.org\",\"@graph\":[{\"@type\":\"WebPage\",\"@id\":\"https:\\\/\\\/collagenius.hu\\\/de\\\/termek\\\/collageniplus-mit-kaffee-geschmack-masolat\\\/\",\"url\":\"https:\\\/\\\/collagenius.hu\\\/de\\\/termek\\\/collageniplus-mit-kaffee-geschmack-masolat\\\/\",\"name\":\"COLLAGENIPLUS - gemischter Geschmack (Mix) - Collagenius - Webshop\",\"isPartOf\":{\"@id\":\"https:\\\/\\\/collagenius.hu\\\/de\\\/#website\"},\"primaryImageOfPage\":{\"@id\":\"https:\\\/\\\/collagenius.hu\\\/de\\\/termek\\\/collageniplus-mit-kaffee-geschmack-masolat\\\/#primaryimage\"},\"image\":{\"@id\":\"https:\\\/\\\/collagenius.hu\\\/de\\\/termek\\\/collageniplus-mit-kaffee-geschmack-masolat\\\/#primaryimage\"},\"thumbnailUrl\":\"https:\\\/\\\/collagenius.hu\\\/wp-content\\\/uploads\\\/2024\\\/01\\\/collagenius_latvany_osszes_2.jpg\",\"datePublished\":\"2024-01-22T09:04:27+00:00\",\"dateModified\":\"2024-01-22T11:21:08+00:00\",\"breadcrumb\":{\"@id\":\"https:\\\/\\\/collagenius.hu\\\/de\\\/termek\\\/collageniplus-mit-kaffee-geschmack-masolat\\\/#breadcrumb\"},\"inLanguage\":\"de\",\"potentialAction\":[{\"@type\":\"ReadAction\",\"target\":[\"https:\\\/\\\/collagenius.hu\\\/de\\\/termek\\\/collageniplus-mit-kaffee-geschmack-masolat\\\/\"]}]},{\"@type\":\"ImageObject\",\"inLanguage\":\"de\",\"@id\":\"https:\\\/\\\/collagenius.hu\\\/de\\\/termek\\\/collageniplus-mit-kaffee-geschmack-masolat\\\/#primaryimage\",\"url\":\"https:\\\/\\\/collagenius.hu\\\/wp-content\\\/uploads\\\/2024\\\/01\\\/collagenius_latvany_osszes_2.jpg\",\"contentUrl\":\"https:\\\/\\\/collagenius.hu\\\/wp-content\\\/uploads\\\/2024\\\/01\\\/collagenius_latvany_osszes_2.jpg\",\"width\":2048,\"height\":2048},{\"@type\":\"BreadcrumbList\",\"@id\":\"https:\\\/\\\/collagenius.hu\\\/de\\\/termek\\\/collageniplus-mit-kaffee-geschmack-masolat\\\/#breadcrumb\",\"itemListElement\":[{\"@type\":\"ListItem\",\"position\":1,\"name\":\"Kezd\u0151lap\",\"item\":\"https:\\\/\\\/collagenius.hu\\\/de\\\/\"},{\"@type\":\"ListItem\",\"position\":2,\"name\":\"Webshop\",\"item\":\"https:\\\/\\\/collagenius.hu\\\/de\\\/webshop\\\/\"},{\"@type\":\"ListItem\",\"position\":3,\"name\":\"COLLAGENIPLUS &#8211; gemischter Geschmack (Mix)\"}]},{\"@type\":\"WebSite\",\"@id\":\"https:\\\/\\\/collagenius.hu\\\/de\\\/#website\",\"url\":\"https:\\\/\\\/collagenius.hu\\\/de\\\/\",\"name\":\"Collagenius\",\"description\":\"A Collagenius egy magyar orvosok \u00e1ltal kifejlesztett, nagyon magas tisztas\u00e1g\u00fa, kiemelked\u0151 min\u0151s\u00e9g\u0171 kollag\u00e9n term\u00e9k\",\"publisher\":{\"@id\":\"https:\\\/\\\/collagenius.hu\\\/de\\\/#organization\"},\"potentialAction\":[{\"@type\":\"SearchAction\",\"target\":{\"@type\":\"EntryPoint\",\"urlTemplate\":\"https:\\\/\\\/collagenius.hu\\\/de\\\/?s={search_term_string}\"},\"query-input\":{\"@type\":\"PropertyValueSpecification\",\"valueRequired\":true,\"valueName\":\"search_term_string\"}}],\"inLanguage\":\"de\"},{\"@type\":\"Organization\",\"@id\":\"https:\\\/\\\/collagenius.hu\\\/de\\\/#organization\",\"name\":\"Collagenius - Webshop\",\"url\":\"https:\\\/\\\/collagenius.hu\\\/de\\\/\",\"logo\":{\"@type\":\"ImageObject\",\"inLanguage\":\"de\",\"@id\":\"https:\\\/\\\/collagenius.hu\\\/de\\\/#\\\/schema\\\/logo\\\/image\\\/\",\"url\":\"https:\\\/\\\/collagenius.hu\\\/wp-content\\\/uploads\\\/2023\\\/04\\\/Collagenius-logo@2x.png\",\"contentUrl\":\"https:\\\/\\\/collagenius.hu\\\/wp-content\\\/uploads\\\/2023\\\/04\\\/Collagenius-logo@2x.png\",\"width\":284,\"height\":80,\"caption\":\"Collagenius - Webshop\"},\"image\":{\"@id\":\"https:\\\/\\\/collagenius.hu\\\/de\\\/#\\\/schema\\\/logo\\\/image\\\/\"},\"sameAs\":[\"https:\\\/\\\/www.facebook.com\\\/CollageniusHun\",\"https:\\\/\\\/www.instagram.com\\\/collageniushun\\\/\",\"https:\\\/\\\/www.youtube.com\\\/channel\\\/UCfx20slTV8NJxJ_a08WgARw\"]}]}<\/script>\n<meta property=\"product:price:amount\" content=\"14500\" \/>\n<meta property=\"product:price:currency\" content=\"HUF\" \/>\n<meta property=\"og:availability\" content=\"out of stock\" \/>\n<meta property=\"product:availability\" content=\"out of stock\" \/>\n<meta property=\"product:retailer_item_id\" content=\"5997176762427\" \/>\n<meta property=\"product:condition\" content=\"new\" \/>\n<!-- \/ Yoast SEO Premium plugin. -->","yoast_head_json":{"title":"COLLAGENIPLUS - gemischter Geschmack (Mix) - Collagenius - Webshop","robots":{"index":"index","follow":"follow","max-snippet":"max-snippet:-1","max-image-preview":"max-image-preview:large","max-video-preview":"max-video-preview:-1"},"canonical":"https:\/\/collagenius.hu\/de\/termek\/collageniplus-mit-kaffee-geschmack-masolat\/","og_locale":"de_DE","og_type":"article","og_title":"COLLAGENIPLUS - gemischter Geschmack (Mix)","og_description":"Das CollageniPlus-Sortiment an gemischten Packungen ist da, mit 6-6 Beuteln von jeder der f\u00fcnf Geschmacksrichtungen in einer Box, die einen Monatsvorrat enth\u00e4lt. Wir haben auch Vanille, Kaffee, wei\u00dfe Kokosnussschokolade, gesalzenes Karamell und gr\u00fcnen Apfel in den Dienst der Sch\u00f6nheit der Haut gestellt! Unser brandneues Produkt mit 5 000 mg Kollagenpeptid, Elastin und Ceramiden pro Portion f\u00fcr Elastizit\u00e4t, Festigkeit und jugendliche Haut! Probieren Sie es allein aus, oder noch besser in Kombination mit unserem geschmacksneutralen Collagenius f\u00fcr einen noch spektakul\u00e4reren Effekt! &nbsp;","og_url":"https:\/\/collagenius.hu\/de\/termek\/collageniplus-mit-kaffee-geschmack-masolat\/","og_site_name":"Collagenius - Webshop","article_publisher":"https:\/\/www.facebook.com\/CollageniusHun","article_modified_time":"2024-01-22T11:21:08+00:00","og_image":[{"width":2048,"height":2048,"url":"https:\/\/collagenius.hu\/wp-content\/uploads\/2024\/01\/collagenius_latvany_osszes_2.jpg","type":"image\/jpeg"}],"twitter_card":"summary_large_image","schema":{"@context":"https:\/\/schema.org","@graph":[{"@type":"WebPage","@id":"https:\/\/collagenius.hu\/de\/termek\/collageniplus-mit-kaffee-geschmack-masolat\/","url":"https:\/\/collagenius.hu\/de\/termek\/collageniplus-mit-kaffee-geschmack-masolat\/","name":"COLLAGENIPLUS - gemischter Geschmack (Mix) - Collagenius - Webshop","isPartOf":{"@id":"https:\/\/collagenius.hu\/de\/#website"},"primaryImageOfPage":{"@id":"https:\/\/collagenius.hu\/de\/termek\/collageniplus-mit-kaffee-geschmack-masolat\/#primaryimage"},"image":{"@id":"https:\/\/collagenius.hu\/de\/termek\/collageniplus-mit-kaffee-geschmack-masolat\/#primaryimage"},"thumbnailUrl":"https:\/\/collagenius.hu\/wp-content\/uploads\/2024\/01\/collagenius_latvany_osszes_2.jpg","datePublished":"2024-01-22T09:04:27+00:00","dateModified":"2024-01-22T11:21:08+00:00","breadcrumb":{"@id":"https:\/\/collagenius.hu\/de\/termek\/collageniplus-mit-kaffee-geschmack-masolat\/#breadcrumb"},"inLanguage":"de","potentialAction":[{"@type":"ReadAction","target":["https:\/\/collagenius.hu\/de\/termek\/collageniplus-mit-kaffee-geschmack-masolat\/"]}]},{"@type":"ImageObject","inLanguage":"de","@id":"https:\/\/collagenius.hu\/de\/termek\/collageniplus-mit-kaffee-geschmack-masolat\/#primaryimage","url":"https:\/\/collagenius.hu\/wp-content\/uploads\/2024\/01\/collagenius_latvany_osszes_2.jpg","contentUrl":"https:\/\/collagenius.hu\/wp-content\/uploads\/2024\/01\/collagenius_latvany_osszes_2.jpg","width":2048,"height":2048},{"@type":"BreadcrumbList","@id":"https:\/\/collagenius.hu\/de\/termek\/collageniplus-mit-kaffee-geschmack-masolat\/#breadcrumb","itemListElement":[{"@type":"ListItem","position":1,"name":"Kezd\u0151lap","item":"https:\/\/collagenius.hu\/de\/"},{"@type":"ListItem","position":2,"name":"Webshop","item":"https:\/\/collagenius.hu\/de\/webshop\/"},{"@type":"ListItem","position":3,"name":"COLLAGENIPLUS &#8211; gemischter Geschmack (Mix)"}]},{"@type":"WebSite","@id":"https:\/\/collagenius.hu\/de\/#website","url":"https:\/\/collagenius.hu\/de\/","name":"Collagenius","description":"A Collagenius egy magyar orvosok \u00e1ltal kifejlesztett, nagyon magas tisztas\u00e1g\u00fa, kiemelked\u0151 min\u0151s\u00e9g\u0171 kollag\u00e9n term\u00e9k","publisher":{"@id":"https:\/\/collagenius.hu\/de\/#organization"},"potentialAction":[{"@type":"SearchAction","target":{"@type":"EntryPoint","urlTemplate":"https:\/\/collagenius.hu\/de\/?s={search_term_string}"},"query-input":{"@type":"PropertyValueSpecification","valueRequired":true,"valueName":"search_term_string"}}],"inLanguage":"de"},{"@type":"Organization","@id":"https:\/\/collagenius.hu\/de\/#organization","name":"Collagenius - Webshop","url":"https:\/\/collagenius.hu\/de\/","logo":{"@type":"ImageObject","inLanguage":"de","@id":"https:\/\/collagenius.hu\/de\/#\/schema\/logo\/image\/","url":"https:\/\/collagenius.hu\/wp-content\/uploads\/2023\/04\/Collagenius-logo@2x.png","contentUrl":"https:\/\/collagenius.hu\/wp-content\/uploads\/2023\/04\/Collagenius-logo@2x.png","width":284,"height":80,"caption":"Collagenius - Webshop"},"image":{"@id":"https:\/\/collagenius.hu\/de\/#\/schema\/logo\/image\/"},"sameAs":["https:\/\/www.facebook.com\/CollageniusHun","https:\/\/www.instagram.com\/collageniushun\/","https:\/\/www.youtube.com\/channel\/UCfx20slTV8NJxJ_a08WgARw"]}]},"product_price_amount":"14500","product_price_currency":"HUF","og_availability":"out of stock","product_availability":"out of stock","product_retailer_item_id":"5997176762427","product_condition":"new"},"_links":{"self":[{"href":"https:\/\/collagenius.hu\/de\/wp-json\/wp\/v2\/product\/3350","targetHints":{"allow":["GET"]}}],"collection":[{"href":"https:\/\/collagenius.hu\/de\/wp-json\/wp\/v2\/product"}],"about":[{"href":"https:\/\/collagenius.hu\/de\/wp-json\/wp\/v2\/types\/product"}],"replies":[{"embeddable":true,"href":"https:\/\/collagenius.hu\/de\/wp-json\/wp\/v2\/comments?post=3350"}],"wp:featuredmedia":[{"embeddable":true,"href":"https:\/\/collagenius.hu\/de\/wp-json\/wp\/v2\/media\/3354"}],"wp:attachment":[{"href":"https:\/\/collagenius.hu\/de\/wp-json\/wp\/v2\/media?parent=3350"}],"wp:term":[{"taxonomy":"product_brand","embeddable":true,"href":"https:\/\/collagenius.hu\/de\/wp-json\/wp\/v2\/product_brand?post=3350"},{"taxonomy":"product_cat","embeddable":true,"href":"https:\/\/collagenius.hu\/de\/wp-json\/wp\/v2\/product_cat?post=3350"},{"taxonomy":"product_tag","embeddable":true,"href":"https:\/\/collagenius.hu\/de\/wp-json\/wp\/v2\/product_tag?post=3350"}],"curies":[{"name":"wp","href":"https:\/\/api.w.org\/{rel}","templated":true}]}}