{"id":3233,"date":"2023-12-07T17:50:44","date_gmt":"2023-12-07T16:50:44","guid":{"rendered":"https:\/\/collagenius.hu\/?post_type=product&#038;p=3233"},"modified":"2024-01-22T12:21:19","modified_gmt":"2024-01-22T11:21:19","slug":"collageniplus-mit-vanillegeschmack-masolat","status":"publish","type":"product","link":"https:\/\/collagenius.hu\/de\/termek\/collageniplus-mit-vanillegeschmack-masolat\/","title":{"rendered":"COLLAGENIPLUS &#8211; mit gesalzenem Karamellgeschmack"},"content":{"rendered":"","protected":false},"excerpt":{"rendered":"<p style=\"font-weight: 400;\">Die CollageniPlus-Reihe mit Salzkaramell-Geschmack ist jetzt auch f\u00fcr die Sch\u00f6nheit der Haut erh\u00e4ltlich!<br \/>\nUnser brandneues Produkt mit 5 000 mg Kollagenpeptid, Elastin und Ceramiden pro Portion f\u00fcr Elastizit\u00e4t, Festigkeit und jugendliche Haut!<\/p>\n<p style=\"font-weight: 400;\">Probieren Sie es allein aus, oder noch besser in Kombination mit unserem geschmacksneutralen Collagenius f\u00fcr einen noch spektakul\u00e4reren Effekt!<\/p>\n","protected":false},"featured_media":3237,"comment_status":"open","ping_status":"closed","template":"","meta":{"_acf_changed":false},"product_brand":[],"product_cat":[64],"product_tag":[],"class_list":{"0":"post-3233","1":"product","2":"type-product","3":"status-publish","4":"has-post-thumbnail","6":"product_cat-kollagen-de","8":"first","9":"outofstock","10":"featured","11":"taxable","12":"shipping-taxable","13":"purchasable","14":"product-type-simple"},"acf":[],"yoast_head":"<!-- This site is optimized with the Yoast SEO Premium plugin v26.7 (Yoast SEO v27.3) - https:\/\/yoast.com\/product\/yoast-seo-premium-wordpress\/ -->\n<title>COLLAGENIPLUS - mit gesalzenem Karamellgeschmack - Collagenius - Webshop<\/title>\n<meta name=\"robots\" content=\"index, follow, max-snippet:-1, max-image-preview:large, max-video-preview:-1\" \/>\n<link rel=\"canonical\" href=\"https:\/\/collagenius.hu\/de\/termek\/collageniplus-mit-vanillegeschmack-masolat\/\" \/>\n<meta property=\"og:locale\" content=\"de_DE\" \/>\n<meta property=\"og:type\" content=\"article\" \/>\n<meta property=\"og:title\" content=\"COLLAGENIPLUS - mit gesalzenem Karamellgeschmack\" \/>\n<meta property=\"og:description\" content=\"Die CollageniPlus-Reihe mit Salzkaramell-Geschmack ist jetzt auch f\u00fcr die Sch\u00f6nheit der Haut erh\u00e4ltlich! Unser brandneues Produkt mit 5 000 mg Kollagenpeptid, Elastin und Ceramiden pro Portion f\u00fcr Elastizit\u00e4t, Festigkeit und jugendliche Haut! Probieren Sie es allein aus, oder noch besser in Kombination mit unserem geschmacksneutralen Collagenius f\u00fcr einen noch spektakul\u00e4reren Effekt!\" \/>\n<meta property=\"og:url\" content=\"https:\/\/collagenius.hu\/de\/termek\/collageniplus-mit-vanillegeschmack-masolat\/\" \/>\n<meta property=\"og:site_name\" content=\"Collagenius - Webshop\" \/>\n<meta property=\"article:publisher\" content=\"https:\/\/www.facebook.com\/CollageniusHun\" \/>\n<meta property=\"article:modified_time\" content=\"2024-01-22T11:21:19+00:00\" \/>\n<meta property=\"og:image\" content=\"https:\/\/collagenius.hu\/wp-content\/uploads\/2023\/12\/CP_Karamell_Post.jpg\" \/>\n\t<meta property=\"og:image:width\" content=\"1080\" \/>\n\t<meta property=\"og:image:height\" content=\"1080\" \/>\n\t<meta property=\"og:image:type\" content=\"image\/jpeg\" \/>\n<meta name=\"twitter:card\" content=\"summary_large_image\" \/>\n<script type=\"application\/ld+json\" class=\"yoast-schema-graph\">{\"@context\":\"https:\\\/\\\/schema.org\",\"@graph\":[{\"@type\":\"WebPage\",\"@id\":\"https:\\\/\\\/collagenius.hu\\\/de\\\/termek\\\/collageniplus-mit-vanillegeschmack-masolat\\\/\",\"url\":\"https:\\\/\\\/collagenius.hu\\\/de\\\/termek\\\/collageniplus-mit-vanillegeschmack-masolat\\\/\",\"name\":\"COLLAGENIPLUS - mit gesalzenem Karamellgeschmack - Collagenius - Webshop\",\"isPartOf\":{\"@id\":\"https:\\\/\\\/collagenius.hu\\\/de\\\/#website\"},\"primaryImageOfPage\":{\"@id\":\"https:\\\/\\\/collagenius.hu\\\/de\\\/termek\\\/collageniplus-mit-vanillegeschmack-masolat\\\/#primaryimage\"},\"image\":{\"@id\":\"https:\\\/\\\/collagenius.hu\\\/de\\\/termek\\\/collageniplus-mit-vanillegeschmack-masolat\\\/#primaryimage\"},\"thumbnailUrl\":\"https:\\\/\\\/collagenius.hu\\\/wp-content\\\/uploads\\\/2023\\\/12\\\/CP_Karamell_Post.jpg\",\"datePublished\":\"2023-12-07T16:50:44+00:00\",\"dateModified\":\"2024-01-22T11:21:19+00:00\",\"breadcrumb\":{\"@id\":\"https:\\\/\\\/collagenius.hu\\\/de\\\/termek\\\/collageniplus-mit-vanillegeschmack-masolat\\\/#breadcrumb\"},\"inLanguage\":\"de\",\"potentialAction\":[{\"@type\":\"ReadAction\",\"target\":[\"https:\\\/\\\/collagenius.hu\\\/de\\\/termek\\\/collageniplus-mit-vanillegeschmack-masolat\\\/\"]}]},{\"@type\":\"ImageObject\",\"inLanguage\":\"de\",\"@id\":\"https:\\\/\\\/collagenius.hu\\\/de\\\/termek\\\/collageniplus-mit-vanillegeschmack-masolat\\\/#primaryimage\",\"url\":\"https:\\\/\\\/collagenius.hu\\\/wp-content\\\/uploads\\\/2023\\\/12\\\/CP_Karamell_Post.jpg\",\"contentUrl\":\"https:\\\/\\\/collagenius.hu\\\/wp-content\\\/uploads\\\/2023\\\/12\\\/CP_Karamell_Post.jpg\",\"width\":1080,\"height\":1080},{\"@type\":\"BreadcrumbList\",\"@id\":\"https:\\\/\\\/collagenius.hu\\\/de\\\/termek\\\/collageniplus-mit-vanillegeschmack-masolat\\\/#breadcrumb\",\"itemListElement\":[{\"@type\":\"ListItem\",\"position\":1,\"name\":\"Kezd\u0151lap\",\"item\":\"https:\\\/\\\/collagenius.hu\\\/de\\\/\"},{\"@type\":\"ListItem\",\"position\":2,\"name\":\"Webshop\",\"item\":\"https:\\\/\\\/collagenius.hu\\\/de\\\/webshop\\\/\"},{\"@type\":\"ListItem\",\"position\":3,\"name\":\"COLLAGENIPLUS &#8211; mit gesalzenem Karamellgeschmack\"}]},{\"@type\":\"WebSite\",\"@id\":\"https:\\\/\\\/collagenius.hu\\\/de\\\/#website\",\"url\":\"https:\\\/\\\/collagenius.hu\\\/de\\\/\",\"name\":\"Collagenius\",\"description\":\"A Collagenius egy magyar orvosok \u00e1ltal kifejlesztett, nagyon magas tisztas\u00e1g\u00fa, kiemelked\u0151 min\u0151s\u00e9g\u0171 kollag\u00e9n term\u00e9k\",\"publisher\":{\"@id\":\"https:\\\/\\\/collagenius.hu\\\/de\\\/#organization\"},\"potentialAction\":[{\"@type\":\"SearchAction\",\"target\":{\"@type\":\"EntryPoint\",\"urlTemplate\":\"https:\\\/\\\/collagenius.hu\\\/de\\\/?s={search_term_string}\"},\"query-input\":{\"@type\":\"PropertyValueSpecification\",\"valueRequired\":true,\"valueName\":\"search_term_string\"}}],\"inLanguage\":\"de\"},{\"@type\":\"Organization\",\"@id\":\"https:\\\/\\\/collagenius.hu\\\/de\\\/#organization\",\"name\":\"Collagenius - Webshop\",\"url\":\"https:\\\/\\\/collagenius.hu\\\/de\\\/\",\"logo\":{\"@type\":\"ImageObject\",\"inLanguage\":\"de\",\"@id\":\"https:\\\/\\\/collagenius.hu\\\/de\\\/#\\\/schema\\\/logo\\\/image\\\/\",\"url\":\"https:\\\/\\\/collagenius.hu\\\/wp-content\\\/uploads\\\/2023\\\/04\\\/Collagenius-logo@2x.png\",\"contentUrl\":\"https:\\\/\\\/collagenius.hu\\\/wp-content\\\/uploads\\\/2023\\\/04\\\/Collagenius-logo@2x.png\",\"width\":284,\"height\":80,\"caption\":\"Collagenius - Webshop\"},\"image\":{\"@id\":\"https:\\\/\\\/collagenius.hu\\\/de\\\/#\\\/schema\\\/logo\\\/image\\\/\"},\"sameAs\":[\"https:\\\/\\\/www.facebook.com\\\/CollageniusHun\",\"https:\\\/\\\/www.instagram.com\\\/collageniushun\\\/\",\"https:\\\/\\\/www.youtube.com\\\/channel\\\/UCfx20slTV8NJxJ_a08WgARw\"]}]}<\/script>\n<meta property=\"product:price:amount\" content=\"14500\" \/>\n<meta property=\"product:price:currency\" content=\"HUF\" \/>\n<meta property=\"og:availability\" content=\"out of stock\" \/>\n<meta property=\"product:availability\" content=\"out of stock\" \/>\n<meta property=\"product:retailer_item_id\" content=\"5997176762199\" \/>\n<meta property=\"product:condition\" content=\"new\" \/>\n<!-- \/ Yoast SEO Premium plugin. -->","yoast_head_json":{"title":"COLLAGENIPLUS - mit gesalzenem Karamellgeschmack - Collagenius - Webshop","robots":{"index":"index","follow":"follow","max-snippet":"max-snippet:-1","max-image-preview":"max-image-preview:large","max-video-preview":"max-video-preview:-1"},"canonical":"https:\/\/collagenius.hu\/de\/termek\/collageniplus-mit-vanillegeschmack-masolat\/","og_locale":"de_DE","og_type":"article","og_title":"COLLAGENIPLUS - mit gesalzenem Karamellgeschmack","og_description":"Die CollageniPlus-Reihe mit Salzkaramell-Geschmack ist jetzt auch f\u00fcr die Sch\u00f6nheit der Haut erh\u00e4ltlich! Unser brandneues Produkt mit 5 000 mg Kollagenpeptid, Elastin und Ceramiden pro Portion f\u00fcr Elastizit\u00e4t, Festigkeit und jugendliche Haut! Probieren Sie es allein aus, oder noch besser in Kombination mit unserem geschmacksneutralen Collagenius f\u00fcr einen noch spektakul\u00e4reren Effekt!","og_url":"https:\/\/collagenius.hu\/de\/termek\/collageniplus-mit-vanillegeschmack-masolat\/","og_site_name":"Collagenius - Webshop","article_publisher":"https:\/\/www.facebook.com\/CollageniusHun","article_modified_time":"2024-01-22T11:21:19+00:00","og_image":[{"width":1080,"height":1080,"url":"https:\/\/collagenius.hu\/wp-content\/uploads\/2023\/12\/CP_Karamell_Post.jpg","type":"image\/jpeg"}],"twitter_card":"summary_large_image","schema":{"@context":"https:\/\/schema.org","@graph":[{"@type":"WebPage","@id":"https:\/\/collagenius.hu\/de\/termek\/collageniplus-mit-vanillegeschmack-masolat\/","url":"https:\/\/collagenius.hu\/de\/termek\/collageniplus-mit-vanillegeschmack-masolat\/","name":"COLLAGENIPLUS - mit gesalzenem Karamellgeschmack - Collagenius - Webshop","isPartOf":{"@id":"https:\/\/collagenius.hu\/de\/#website"},"primaryImageOfPage":{"@id":"https:\/\/collagenius.hu\/de\/termek\/collageniplus-mit-vanillegeschmack-masolat\/#primaryimage"},"image":{"@id":"https:\/\/collagenius.hu\/de\/termek\/collageniplus-mit-vanillegeschmack-masolat\/#primaryimage"},"thumbnailUrl":"https:\/\/collagenius.hu\/wp-content\/uploads\/2023\/12\/CP_Karamell_Post.jpg","datePublished":"2023-12-07T16:50:44+00:00","dateModified":"2024-01-22T11:21:19+00:00","breadcrumb":{"@id":"https:\/\/collagenius.hu\/de\/termek\/collageniplus-mit-vanillegeschmack-masolat\/#breadcrumb"},"inLanguage":"de","potentialAction":[{"@type":"ReadAction","target":["https:\/\/collagenius.hu\/de\/termek\/collageniplus-mit-vanillegeschmack-masolat\/"]}]},{"@type":"ImageObject","inLanguage":"de","@id":"https:\/\/collagenius.hu\/de\/termek\/collageniplus-mit-vanillegeschmack-masolat\/#primaryimage","url":"https:\/\/collagenius.hu\/wp-content\/uploads\/2023\/12\/CP_Karamell_Post.jpg","contentUrl":"https:\/\/collagenius.hu\/wp-content\/uploads\/2023\/12\/CP_Karamell_Post.jpg","width":1080,"height":1080},{"@type":"BreadcrumbList","@id":"https:\/\/collagenius.hu\/de\/termek\/collageniplus-mit-vanillegeschmack-masolat\/#breadcrumb","itemListElement":[{"@type":"ListItem","position":1,"name":"Kezd\u0151lap","item":"https:\/\/collagenius.hu\/de\/"},{"@type":"ListItem","position":2,"name":"Webshop","item":"https:\/\/collagenius.hu\/de\/webshop\/"},{"@type":"ListItem","position":3,"name":"COLLAGENIPLUS &#8211; mit gesalzenem Karamellgeschmack"}]},{"@type":"WebSite","@id":"https:\/\/collagenius.hu\/de\/#website","url":"https:\/\/collagenius.hu\/de\/","name":"Collagenius","description":"A Collagenius egy magyar orvosok \u00e1ltal kifejlesztett, nagyon magas tisztas\u00e1g\u00fa, kiemelked\u0151 min\u0151s\u00e9g\u0171 kollag\u00e9n term\u00e9k","publisher":{"@id":"https:\/\/collagenius.hu\/de\/#organization"},"potentialAction":[{"@type":"SearchAction","target":{"@type":"EntryPoint","urlTemplate":"https:\/\/collagenius.hu\/de\/?s={search_term_string}"},"query-input":{"@type":"PropertyValueSpecification","valueRequired":true,"valueName":"search_term_string"}}],"inLanguage":"de"},{"@type":"Organization","@id":"https:\/\/collagenius.hu\/de\/#organization","name":"Collagenius - Webshop","url":"https:\/\/collagenius.hu\/de\/","logo":{"@type":"ImageObject","inLanguage":"de","@id":"https:\/\/collagenius.hu\/de\/#\/schema\/logo\/image\/","url":"https:\/\/collagenius.hu\/wp-content\/uploads\/2023\/04\/Collagenius-logo@2x.png","contentUrl":"https:\/\/collagenius.hu\/wp-content\/uploads\/2023\/04\/Collagenius-logo@2x.png","width":284,"height":80,"caption":"Collagenius - Webshop"},"image":{"@id":"https:\/\/collagenius.hu\/de\/#\/schema\/logo\/image\/"},"sameAs":["https:\/\/www.facebook.com\/CollageniusHun","https:\/\/www.instagram.com\/collageniushun\/","https:\/\/www.youtube.com\/channel\/UCfx20slTV8NJxJ_a08WgARw"]}]},"product_price_amount":"14500","product_price_currency":"HUF","og_availability":"out of stock","product_availability":"out of stock","product_retailer_item_id":"5997176762199","product_condition":"new"},"_links":{"self":[{"href":"https:\/\/collagenius.hu\/de\/wp-json\/wp\/v2\/product\/3233","targetHints":{"allow":["GET"]}}],"collection":[{"href":"https:\/\/collagenius.hu\/de\/wp-json\/wp\/v2\/product"}],"about":[{"href":"https:\/\/collagenius.hu\/de\/wp-json\/wp\/v2\/types\/product"}],"replies":[{"embeddable":true,"href":"https:\/\/collagenius.hu\/de\/wp-json\/wp\/v2\/comments?post=3233"}],"wp:featuredmedia":[{"embeddable":true,"href":"https:\/\/collagenius.hu\/de\/wp-json\/wp\/v2\/media\/3237"}],"wp:attachment":[{"href":"https:\/\/collagenius.hu\/de\/wp-json\/wp\/v2\/media?parent=3233"}],"wp:term":[{"taxonomy":"product_brand","embeddable":true,"href":"https:\/\/collagenius.hu\/de\/wp-json\/wp\/v2\/product_brand?post=3233"},{"taxonomy":"product_cat","embeddable":true,"href":"https:\/\/collagenius.hu\/de\/wp-json\/wp\/v2\/product_cat?post=3233"},{"taxonomy":"product_tag","embeddable":true,"href":"https:\/\/collagenius.hu\/de\/wp-json\/wp\/v2\/product_tag?post=3233"}],"curies":[{"name":"wp","href":"https:\/\/api.w.org\/{rel}","templated":true}]}}