{"id":1668,"date":"2023-08-04T14:42:22","date_gmt":"2023-08-04T12:42:22","guid":{"rendered":"https:\/\/collagenius.hu\/termek\/protecoll\/"},"modified":"2024-05-29T07:40:52","modified_gmt":"2024-05-29T05:40:52","slug":"protecoll-schokoladen","status":"publish","type":"product","link":"https:\/\/collagenius.hu\/de\/termek\/protecoll-schokoladen\/","title":{"rendered":"PROTECOLL &#8211; Schokolade"},"content":{"rendered":"","protected":false},"excerpt":{"rendered":"<p style=\"text-align: left;\">ProteColl ist ein au\u00dfergew\u00f6hnlich reines, komplexes Protein, das sich ideal f\u00fcr Sportler eignet, aber auch zur Erg\u00e4nzung einer proteinarmen Ern\u00e4hrung verwendet werden kann. ProteColl ist eine optimierte Proteinquelle mit verl\u00e4ngerter Absorptionszeit, die konsistentere Aminos\u00e4urenkonzentrationen als einkomponentige Proteinquellen bietet. Das Produkt ist auch die perfekte Wahl, um die Regeneration von Verletzungen zu f\u00f6rdern, die durch erh\u00f6hte Belastung entstanden sind.<\/p>\n[woocommerce_waitlist product_id=\"491\"]\n","protected":false},"featured_media":3665,"comment_status":"open","ping_status":"closed","template":"","meta":{"_acf_changed":false},"product_brand":[],"product_cat":[64],"product_tag":[],"class_list":{"0":"post-1668","1":"product","2":"type-product","3":"status-publish","4":"has-post-thumbnail","6":"product_cat-kollagen-de","8":"first","9":"instock","10":"featured","11":"taxable","12":"shipping-taxable","13":"purchasable","14":"product-type-simple"},"acf":[],"yoast_head":"<!-- This site is optimized with the Yoast SEO Premium plugin v26.7 (Yoast SEO v27.3) - https:\/\/yoast.com\/product\/yoast-seo-premium-wordpress\/ -->\n<title>PROTECOLL - Schokolade - Collagenius - Webshop<\/title>\n<meta name=\"robots\" content=\"index, follow, max-snippet:-1, max-image-preview:large, max-video-preview:-1\" \/>\n<link rel=\"canonical\" href=\"https:\/\/collagenius.hu\/de\/termek\/protecoll-schokoladen\/\" \/>\n<meta property=\"og:locale\" content=\"de_DE\" \/>\n<meta property=\"og:type\" content=\"article\" \/>\n<meta property=\"og:title\" content=\"PROTECOLL - Schokolade\" \/>\n<meta property=\"og:description\" content=\"ProteColl ist ein au\u00dfergew\u00f6hnlich reines, komplexes Protein, das sich ideal f\u00fcr Sportler eignet, aber auch zur Erg\u00e4nzung einer proteinarmen Ern\u00e4hrung verwendet werden kann. ProteColl ist eine optimierte Proteinquelle mit verl\u00e4ngerter Absorptionszeit, die konsistentere Aminos\u00e4urenkonzentrationen als einkomponentige Proteinquellen bietet. Das Produkt ist auch die perfekte Wahl, um die Regeneration von Verletzungen zu f\u00f6rdern, die durch erh\u00f6hte Belastung entstanden sind.\" \/>\n<meta property=\"og:url\" content=\"https:\/\/collagenius.hu\/de\/termek\/protecoll-schokoladen\/\" \/>\n<meta property=\"og:site_name\" content=\"Collagenius - Webshop\" \/>\n<meta property=\"article:publisher\" content=\"https:\/\/www.facebook.com\/CollageniusHun\" \/>\n<meta property=\"article:modified_time\" content=\"2024-05-29T05:40:52+00:00\" \/>\n<meta property=\"og:image\" content=\"https:\/\/collagenius.hu\/wp-content\/uploads\/2023\/08\/protecoll-2.jpg\" \/>\n\t<meta property=\"og:image:width\" content=\"1472\" \/>\n\t<meta property=\"og:image:height\" content=\"1520\" \/>\n\t<meta property=\"og:image:type\" content=\"image\/jpeg\" \/>\n<meta name=\"twitter:card\" content=\"summary_large_image\" \/>\n<script type=\"application\/ld+json\" class=\"yoast-schema-graph\">{\"@context\":\"https:\\\/\\\/schema.org\",\"@graph\":[{\"@type\":\"WebPage\",\"@id\":\"https:\\\/\\\/collagenius.hu\\\/de\\\/termek\\\/protecoll-schokoladen\\\/\",\"url\":\"https:\\\/\\\/collagenius.hu\\\/de\\\/termek\\\/protecoll-schokoladen\\\/\",\"name\":\"PROTECOLL - Schokolade - Collagenius - Webshop\",\"isPartOf\":{\"@id\":\"https:\\\/\\\/collagenius.hu\\\/de\\\/#website\"},\"primaryImageOfPage\":{\"@id\":\"https:\\\/\\\/collagenius.hu\\\/de\\\/termek\\\/protecoll-schokoladen\\\/#primaryimage\"},\"image\":{\"@id\":\"https:\\\/\\\/collagenius.hu\\\/de\\\/termek\\\/protecoll-schokoladen\\\/#primaryimage\"},\"thumbnailUrl\":\"https:\\\/\\\/collagenius.hu\\\/wp-content\\\/uploads\\\/2023\\\/08\\\/protecoll-2.jpg\",\"datePublished\":\"2023-08-04T12:42:22+00:00\",\"dateModified\":\"2024-05-29T05:40:52+00:00\",\"breadcrumb\":{\"@id\":\"https:\\\/\\\/collagenius.hu\\\/de\\\/termek\\\/protecoll-schokoladen\\\/#breadcrumb\"},\"inLanguage\":\"de\",\"potentialAction\":[{\"@type\":\"ReadAction\",\"target\":[\"https:\\\/\\\/collagenius.hu\\\/de\\\/termek\\\/protecoll-schokoladen\\\/\"]}]},{\"@type\":\"ImageObject\",\"inLanguage\":\"de\",\"@id\":\"https:\\\/\\\/collagenius.hu\\\/de\\\/termek\\\/protecoll-schokoladen\\\/#primaryimage\",\"url\":\"https:\\\/\\\/collagenius.hu\\\/wp-content\\\/uploads\\\/2023\\\/08\\\/protecoll-2.jpg\",\"contentUrl\":\"https:\\\/\\\/collagenius.hu\\\/wp-content\\\/uploads\\\/2023\\\/08\\\/protecoll-2.jpg\",\"width\":1472,\"height\":1520},{\"@type\":\"BreadcrumbList\",\"@id\":\"https:\\\/\\\/collagenius.hu\\\/de\\\/termek\\\/protecoll-schokoladen\\\/#breadcrumb\",\"itemListElement\":[{\"@type\":\"ListItem\",\"position\":1,\"name\":\"Kezd\u0151lap\",\"item\":\"https:\\\/\\\/collagenius.hu\\\/de\\\/\"},{\"@type\":\"ListItem\",\"position\":2,\"name\":\"Webshop\",\"item\":\"https:\\\/\\\/collagenius.hu\\\/de\\\/webshop\\\/\"},{\"@type\":\"ListItem\",\"position\":3,\"name\":\"PROTECOLL &#8211; Schokolade\"}]},{\"@type\":\"WebSite\",\"@id\":\"https:\\\/\\\/collagenius.hu\\\/de\\\/#website\",\"url\":\"https:\\\/\\\/collagenius.hu\\\/de\\\/\",\"name\":\"Collagenius\",\"description\":\"A Collagenius egy magyar orvosok \u00e1ltal kifejlesztett, nagyon magas tisztas\u00e1g\u00fa, kiemelked\u0151 min\u0151s\u00e9g\u0171 kollag\u00e9n term\u00e9k\",\"publisher\":{\"@id\":\"https:\\\/\\\/collagenius.hu\\\/de\\\/#organization\"},\"potentialAction\":[{\"@type\":\"SearchAction\",\"target\":{\"@type\":\"EntryPoint\",\"urlTemplate\":\"https:\\\/\\\/collagenius.hu\\\/de\\\/?s={search_term_string}\"},\"query-input\":{\"@type\":\"PropertyValueSpecification\",\"valueRequired\":true,\"valueName\":\"search_term_string\"}}],\"inLanguage\":\"de\"},{\"@type\":\"Organization\",\"@id\":\"https:\\\/\\\/collagenius.hu\\\/de\\\/#organization\",\"name\":\"Collagenius - Webshop\",\"url\":\"https:\\\/\\\/collagenius.hu\\\/de\\\/\",\"logo\":{\"@type\":\"ImageObject\",\"inLanguage\":\"de\",\"@id\":\"https:\\\/\\\/collagenius.hu\\\/de\\\/#\\\/schema\\\/logo\\\/image\\\/\",\"url\":\"https:\\\/\\\/collagenius.hu\\\/wp-content\\\/uploads\\\/2023\\\/04\\\/Collagenius-logo@2x.png\",\"contentUrl\":\"https:\\\/\\\/collagenius.hu\\\/wp-content\\\/uploads\\\/2023\\\/04\\\/Collagenius-logo@2x.png\",\"width\":284,\"height\":80,\"caption\":\"Collagenius - Webshop\"},\"image\":{\"@id\":\"https:\\\/\\\/collagenius.hu\\\/de\\\/#\\\/schema\\\/logo\\\/image\\\/\"},\"sameAs\":[\"https:\\\/\\\/www.facebook.com\\\/CollageniusHun\",\"https:\\\/\\\/www.instagram.com\\\/collageniushun\\\/\",\"https:\\\/\\\/www.youtube.com\\\/channel\\\/UCfx20slTV8NJxJ_a08WgARw\"]}]}<\/script>\n<meta property=\"product:price:amount\" content=\"14600\" \/>\n<meta property=\"product:price:currency\" content=\"HUF\" \/>\n<meta property=\"og:availability\" content=\"instock\" \/>\n<meta property=\"product:availability\" content=\"instock\" \/>\n<meta property=\"product:retailer_item_id\" content=\"5997176758062\" \/>\n<meta property=\"product:condition\" content=\"new\" \/>\n<!-- \/ Yoast SEO Premium plugin. -->","yoast_head_json":{"title":"PROTECOLL - Schokolade - Collagenius - Webshop","robots":{"index":"index","follow":"follow","max-snippet":"max-snippet:-1","max-image-preview":"max-image-preview:large","max-video-preview":"max-video-preview:-1"},"canonical":"https:\/\/collagenius.hu\/de\/termek\/protecoll-schokoladen\/","og_locale":"de_DE","og_type":"article","og_title":"PROTECOLL - Schokolade","og_description":"ProteColl ist ein au\u00dfergew\u00f6hnlich reines, komplexes Protein, das sich ideal f\u00fcr Sportler eignet, aber auch zur Erg\u00e4nzung einer proteinarmen Ern\u00e4hrung verwendet werden kann. ProteColl ist eine optimierte Proteinquelle mit verl\u00e4ngerter Absorptionszeit, die konsistentere Aminos\u00e4urenkonzentrationen als einkomponentige Proteinquellen bietet. Das Produkt ist auch die perfekte Wahl, um die Regeneration von Verletzungen zu f\u00f6rdern, die durch erh\u00f6hte Belastung entstanden sind.","og_url":"https:\/\/collagenius.hu\/de\/termek\/protecoll-schokoladen\/","og_site_name":"Collagenius - Webshop","article_publisher":"https:\/\/www.facebook.com\/CollageniusHun","article_modified_time":"2024-05-29T05:40:52+00:00","og_image":[{"width":1472,"height":1520,"url":"https:\/\/collagenius.hu\/wp-content\/uploads\/2023\/08\/protecoll-2.jpg","type":"image\/jpeg"}],"twitter_card":"summary_large_image","schema":{"@context":"https:\/\/schema.org","@graph":[{"@type":"WebPage","@id":"https:\/\/collagenius.hu\/de\/termek\/protecoll-schokoladen\/","url":"https:\/\/collagenius.hu\/de\/termek\/protecoll-schokoladen\/","name":"PROTECOLL - Schokolade - Collagenius - Webshop","isPartOf":{"@id":"https:\/\/collagenius.hu\/de\/#website"},"primaryImageOfPage":{"@id":"https:\/\/collagenius.hu\/de\/termek\/protecoll-schokoladen\/#primaryimage"},"image":{"@id":"https:\/\/collagenius.hu\/de\/termek\/protecoll-schokoladen\/#primaryimage"},"thumbnailUrl":"https:\/\/collagenius.hu\/wp-content\/uploads\/2023\/08\/protecoll-2.jpg","datePublished":"2023-08-04T12:42:22+00:00","dateModified":"2024-05-29T05:40:52+00:00","breadcrumb":{"@id":"https:\/\/collagenius.hu\/de\/termek\/protecoll-schokoladen\/#breadcrumb"},"inLanguage":"de","potentialAction":[{"@type":"ReadAction","target":["https:\/\/collagenius.hu\/de\/termek\/protecoll-schokoladen\/"]}]},{"@type":"ImageObject","inLanguage":"de","@id":"https:\/\/collagenius.hu\/de\/termek\/protecoll-schokoladen\/#primaryimage","url":"https:\/\/collagenius.hu\/wp-content\/uploads\/2023\/08\/protecoll-2.jpg","contentUrl":"https:\/\/collagenius.hu\/wp-content\/uploads\/2023\/08\/protecoll-2.jpg","width":1472,"height":1520},{"@type":"BreadcrumbList","@id":"https:\/\/collagenius.hu\/de\/termek\/protecoll-schokoladen\/#breadcrumb","itemListElement":[{"@type":"ListItem","position":1,"name":"Kezd\u0151lap","item":"https:\/\/collagenius.hu\/de\/"},{"@type":"ListItem","position":2,"name":"Webshop","item":"https:\/\/collagenius.hu\/de\/webshop\/"},{"@type":"ListItem","position":3,"name":"PROTECOLL &#8211; Schokolade"}]},{"@type":"WebSite","@id":"https:\/\/collagenius.hu\/de\/#website","url":"https:\/\/collagenius.hu\/de\/","name":"Collagenius","description":"A Collagenius egy magyar orvosok \u00e1ltal kifejlesztett, nagyon magas tisztas\u00e1g\u00fa, kiemelked\u0151 min\u0151s\u00e9g\u0171 kollag\u00e9n term\u00e9k","publisher":{"@id":"https:\/\/collagenius.hu\/de\/#organization"},"potentialAction":[{"@type":"SearchAction","target":{"@type":"EntryPoint","urlTemplate":"https:\/\/collagenius.hu\/de\/?s={search_term_string}"},"query-input":{"@type":"PropertyValueSpecification","valueRequired":true,"valueName":"search_term_string"}}],"inLanguage":"de"},{"@type":"Organization","@id":"https:\/\/collagenius.hu\/de\/#organization","name":"Collagenius - Webshop","url":"https:\/\/collagenius.hu\/de\/","logo":{"@type":"ImageObject","inLanguage":"de","@id":"https:\/\/collagenius.hu\/de\/#\/schema\/logo\/image\/","url":"https:\/\/collagenius.hu\/wp-content\/uploads\/2023\/04\/Collagenius-logo@2x.png","contentUrl":"https:\/\/collagenius.hu\/wp-content\/uploads\/2023\/04\/Collagenius-logo@2x.png","width":284,"height":80,"caption":"Collagenius - Webshop"},"image":{"@id":"https:\/\/collagenius.hu\/de\/#\/schema\/logo\/image\/"},"sameAs":["https:\/\/www.facebook.com\/CollageniusHun","https:\/\/www.instagram.com\/collageniushun\/","https:\/\/www.youtube.com\/channel\/UCfx20slTV8NJxJ_a08WgARw"]}]},"product_price_amount":"14600","product_price_currency":"HUF","og_availability":"instock","product_availability":"instock","product_retailer_item_id":"5997176758062","product_condition":"new"},"_links":{"self":[{"href":"https:\/\/collagenius.hu\/de\/wp-json\/wp\/v2\/product\/1668","targetHints":{"allow":["GET"]}}],"collection":[{"href":"https:\/\/collagenius.hu\/de\/wp-json\/wp\/v2\/product"}],"about":[{"href":"https:\/\/collagenius.hu\/de\/wp-json\/wp\/v2\/types\/product"}],"replies":[{"embeddable":true,"href":"https:\/\/collagenius.hu\/de\/wp-json\/wp\/v2\/comments?post=1668"}],"wp:featuredmedia":[{"embeddable":true,"href":"https:\/\/collagenius.hu\/de\/wp-json\/wp\/v2\/media\/3665"}],"wp:attachment":[{"href":"https:\/\/collagenius.hu\/de\/wp-json\/wp\/v2\/media?parent=1668"}],"wp:term":[{"taxonomy":"product_brand","embeddable":true,"href":"https:\/\/collagenius.hu\/de\/wp-json\/wp\/v2\/product_brand?post=1668"},{"taxonomy":"product_cat","embeddable":true,"href":"https:\/\/collagenius.hu\/de\/wp-json\/wp\/v2\/product_cat?post=1668"},{"taxonomy":"product_tag","embeddable":true,"href":"https:\/\/collagenius.hu\/de\/wp-json\/wp\/v2\/product_tag?post=1668"}],"curies":[{"name":"wp","href":"https:\/\/api.w.org\/{rel}","templated":true}]}}