{"id":1666,"date":"2023-04-30T13:37:01","date_gmt":"2023-04-30T11:37:01","guid":{"rendered":"https:\/\/collagenius.hu\/allgemeine-vertragsbedingungen\/"},"modified":"2025-08-04T07:56:17","modified_gmt":"2025-08-04T05:56:17","slug":"allgemeine-vertragsbedingungen","status":"publish","type":"page","link":"https:\/\/collagenius.hu\/de\/allgemeine-vertragsbedingungen\/","title":{"rendered":"Allgemeine Vertragsbedingungen"},"content":{"rendered":"<p><strong>Vertragsparteien:<\/strong><\/p>\n<p>Einerseits der Betreiber der Website &#8222;www.collagenius.hu&#8220;, Collagenius Kft. (Sitz: 6726 Szeged, Baross L\u00e1szl\u00f3 utca 2-4 D. lph., Steuernummer: 29309281-2-10, Firmenregisternummer: 10-09-038850, Vertreter: Dr. Ferenc Hampel, Gesch\u00e4ftsf\u00fchrer, Tel.: +36-30-595-2055, als Verk\u00e4ufer, andererseits Sie (der Kunde) als K\u00e4ufer.<\/p>\n<p>&nbsp;<\/p>\n<p><strong>Der Vertrag kommt zustande:<\/strong><\/p>\n<p>Wenn der K\u00e4ufer seine Bestellung auf der von Collagenius Kft. betriebenen Website collagenius.hu durch Betreten des Webshops aufgegeben hat.<\/p>\n<p>&nbsp;<\/p>\n<p>Informationen, die dem K\u00e4ufer Folgendes vermitteln sollen<\/p>\n<p>&#8211; &#8222;eine angemessene Kenntnis der wesentlichen Eigenschaften und Merkmale der Waren und Dienstleistungen, der Qualit\u00e4t, des Preises der Waren und Dienstleistungen sowie der Anweisungen f\u00fcr die Verwendung der Waren und Dienstleistungen und der mit ihrer Verwendung verbundenen Risiken, um die Auswahl der Waren und Dienstleistungen sowie die Verwendung und Wartung der Waren zu erleichtern&#8220; und<\/p>\n<p>&#8211; &#8222;die notwendigen Grundkenntnisse, um seine Rechte auszu\u00fcben&#8220;.<\/p>\n<p>&nbsp;<\/p>\n<p><strong>Besuchen der Webseite<\/strong><\/p>\n<p>Auf collagenius.hu k\u00f6nnen Sie in aller Ruhe st\u00f6bern, sich \u00fcber unsere Produkte und Preise informieren, ohne Ihre Identit\u00e4t zu offenbaren. Die Preise der Produkte sind brutto, d.h. inklusive Mehrwertsteuer, und die Preise sind in Forint angegeben.<\/p>\n<p>&nbsp;<\/p>\n<p><strong>Registrierung<\/strong><\/p>\n<p>Sie brauchen sich nicht zu registrieren, um auf unserer Website einzukaufen. Wenn Sie sich registrieren, m\u00fcssen Sie eine echte E-Mail-Adresse haben.<\/p>\n<p>&nbsp;<\/p>\n<p><strong>Einkaufen<\/strong><\/p>\n<p>Sie k\u00f6nnen bestellen, indem Sie auf die Schaltfl\u00e4che Webshop klicken, die Felder ausf\u00fcllen und schlie\u00dflich auf die Schaltfl\u00e4che Bestellung abschicken klicken.<\/p>\n<p>&nbsp;<\/p>\n<p><strong>Bezahlung<\/strong><\/p>\n<p>Die Preise sind in ungarischen Forint angegeben. Die Zahlung muss bei Erhalt des Pakets in bar oder per Kartenzahlung an den Zusteller erfolgen, oder als zweite M\u00f6glichkeit per Bank\u00fcberweisung, Vorauszahlung.<\/p>\n<p>&nbsp;<\/p>\n<p><strong>Lieferung, Lieferkosten<\/strong><\/p>\n<p>Der Wert des Pakets muss, wenn Sie sich nicht f\u00fcr eine Vorauszahlung per Bank\u00fcberweisung entschieden haben, zum Zeitpunkt der Zustellung in bar an den Zusteller bezahlt werden. Das Paket wird Ihnen von der Boxy Logistics Zrt. zugestellt.<\/p>\n<p>Die Lieferungsgeb\u00fchr, die Sie bezahlen m\u00fcssen, wird nach der Auswahl der Lieferungsart angezeigt. Die Lieferung kann an Ihre Adresse, MPL Posta Point oder GLS Parcel Point erfolgen.<\/p>\n<p>Die zum Zeitpunkt der Bestellung festgelegte Liefergeb\u00fchr gilt nur f\u00fcr Ungarn.<\/p>\n<p>Wenn Sie Ihre Bestellung an eine ausl\u00e4ndische Adresse liefern lassen m\u00f6chten, k\u00f6nnen wir Ihnen auf schriftliche Anfrage ein spezielles Preisangebot machen (info@collagenius.hu).<\/p>\n<p>Bitte vergewissern Sie sich, dass die vom Kurierdienst erhaltene Verpackung unversehrt ist, wenn Sie den Karton erhalten!<\/p>\n<p><strong>BITTE NEHMEN SIE KEINE BESCH\u00c4DIGTEN KARTONS VOM KURIER AN, DA WIR KEINE NACHTR\u00c4GLICHEN REKLAMATIONEN AKZEPTIEREN K\u00d6NNEN!<\/strong><\/p>\n<p>&nbsp;<\/p>\n<p><strong>Lieferfristen<\/strong><\/p>\n<p>Die Bestellungen werden normalerweise innerhalb von 1-2 Werktagen an die angegebene Adresse geliefert. Sollte dies nicht m\u00f6glich sein, erhalten Sie eine Nachricht \u00fcber das voraussichtliche Lieferdatum.<\/p>\n<p>&nbsp;<\/p>\n<p>Garantie<\/p>\n<p>Garantie: Der Verk\u00e4ufer haftet f\u00fcr die Fehlerfreiheit der verkauften Ware.<\/p>\n<p>Garantiezeit: Die Garantiezeit ist auf der Verpackung angegeben (Qualit\u00e4tserhalt: &#8230;) und muss mindestens 3 Monate ab dem Lieferdatum betragen.<\/p>\n<p>&nbsp;<\/p>\n<p>Was bedeutet das?<\/p>\n<p>Mit einer Garantie \u00fcbernehmen wir die Verantwortung daf\u00fcr, dass das Produkt, das Sie zum Zeitpunkt des Verkaufs von uns erhalten haben, frei von M\u00e4ngeln ist, d. h. keine versteckten M\u00e4ngel aufweist, die sich erst sp\u00e4ter zeigen, und seine beschriebenen Eigenschaften innerhalb der Garantiezeit beibeh\u00e4lt.<\/p>\n<p>Sie k\u00f6nnen uns Ihre Reklamationen oder Kommentare \u00fcber das Nachrichtenfeld im Men\u00fc &#8222;Kontakt&#8220; zukommen lassen.<\/p>\n<p>Die Generalinspektion f\u00fcr Verbraucherschutz (www.fvf.hu) oder die Nationale Verbraucherschutzinspektion (www.ofe.hu) k\u00f6nnen Ihnen bei der Durchsetzung Ihrer Interessen helfen.<\/p>\n<p>&nbsp;<\/p>\n<p>Rechtsdurchsetzung<\/p>\n<p>Wenn die Qualit\u00e4t des Verbrauchsgutes nicht zufriedenstellend ist, k\u00f6nnen Sie einen Anspruch nach den Vorschriften \u00fcber die Gew\u00e4hrleistung geltend machen. Die Vorschriften \u00fcber die Gew\u00e4hrleistung sind in den Artikeln 305-311\/A des Gesetzes IV des Zivilgesetzbuches von 1959 festgelegt. Wir bem\u00fchen uns, Ihnen die besten Informationen \u00fcber die nachstehenden M\u00f6glichkeiten zu geben.<\/p>\n<p>&nbsp;<\/p>\n<p><strong>Kontaktieren Sie den H\u00e4ndler, melden Sie die Reklamation<\/strong><\/p>\n<p>Wenn nach dem Kauf die auf dem Produkt angegebene Garantiezeit noch nicht abgelaufen ist, das Produkt aber nicht die gew\u00fcnschte Qualit\u00e4t aufweist, setzen Sie sich bitte mit uns in Verbindung, indem Sie die unter &#8222;Kontakt&#8220; angegebene Nachrichtenfunktion nutzen.<\/p>\n<p>F\u00fcr eine Reklamation ben\u00f6tigen Sie einen Zahlungsnachweis (Rechnung) und das Produkt selbst. Sie schicken das Produkt zusammen mit einer Kopie der Kaufrechnung per Post an uns zur\u00fcck. Bitte senden Sie das Paket NICHT mit einer Wertangabe und auch nicht in einem porto- oder Nachnahmegeb\u00fchr zur\u00fcck, da wir diese NICHT annehmen k\u00f6nnen. Wenn wir den Kauf telefonisch identifizieren k\u00f6nnen, reicht es aus, die Ware ohne Quittung (Rechnung) an uns zu schicken.<\/p>\n<p>&nbsp;<\/p>\n<p>\u00dcber den Widerspruch des Verbrauchers wird ein Protokoll erstellt, das Folgendes enthalten muss:<\/p>\n<ol>\n<li>den Namen und die Anschrift des Verbrauchers,<\/li>\n<li>die Bezeichnung des Verbrauchsgutes (im Folgenden Ware genannt) und den Kaufpreis,<\/li>\n<li>das Datum des Kaufs,<\/li>\n<li>das Datum, an dem der Fehler gemeldet wurde,<\/li>\n<li>eine Beschreibung des Fehlers<\/li>\n<li>den Anspruch, den der Verbraucher geltend machen m\u00f6chte,<\/li>\n<li>die Art der Begleichung der Forderung (falls sie von der Forderung des Verbrauchers abweicht, muss dies begr\u00fcndet werden).<\/li>\n<\/ol>\n<p>&nbsp;<\/p>\n<p>Sie sollten eine Kopie des Protokolls erhalten, sowohl um zu pr\u00fcfen, ob die Beschwerde aufgenommen wurde, als auch um Ihre Beschwerde besser rechtfertigen zu k\u00f6nnen.<\/p>\n<p>Wenn Sie trotz Ihrer gesetzlichen Verpflichtung nicht m\u00f6chten, dass der Bericht protokolliert wird, k\u00f6nnen Sie einen Eintrag im K\u00e4uferregister vornehmen und die Angelegenheit an die Verbraucherinspektion weiterleiten.<\/p>\n<p>Wenn wir nicht in der Lage sind, Ihnen mitzuteilen, ob Ihre Forderung erf\u00fcllt werden kann, sind wir gesetzlich verpflichtet, Sie innerhalb von drei Arbeitstagen \u00fcber unseren Standpunkt zu informieren.<\/p>\n<p>Im Falle einer Reklamation wegen Nichtgew\u00e4hrleistung oder Qualit\u00e4tsm\u00e4ngeln in Bezug auf ein Produkt der Collagenius Kft. ist der Verk\u00e4ufer nicht haftbar. Mit dem Kauf erkennt der K\u00e4ufer an, dass die Produkte der Collagenius Kft. zwar aus Bestandteilen von h\u00f6chster Reinheit zusammengesetzt sind, dass aber individuelle Allergien oder \u00dcberempfindlichkeiten gegen bestimmte Bestandteile durchaus m\u00f6glich sind und auftreten k\u00f6nnen. Dementsprechend haftet der Verk\u00e4ufer nicht f\u00fcr Allergien oder \u00dcberempfindlichkeitsreaktionen auf die im Produkt verwendeten Bestandteile oder auch nur Spuren von Bestandteilen, die (die Bestandteile und eventuelle Spuren von anderen Stoffen, Allergenen) vom Verk\u00e4ufer auf der Verpackung angegeben werden. Wir k\u00f6nnen nicht f\u00fcr Unvertr\u00e4glichkeiten gegen\u00fcber dem Produkt oder f\u00fcr individuelle Reaktionen, die nicht der Norm entsprechen (Bl\u00e4hungen, Bauchschmerzen, Durchfall, \u00dcbelkeit usw.), verantwortlich gemacht werden, da diese vereinzelt auftreten und nicht auf Qualit\u00e4tsm\u00e4ngel oder Verunreinigungen des Produkts zur\u00fcckgef\u00fchrt werden k\u00f6nnen, sondern v\u00f6llig individuell und unvorhersehbar sind. Aufgrund von Reklamationen aus diesen Gr\u00fcnden k\u00f6nnen wir das defekte Produkt nicht zur\u00fccknehmen, wir danken f\u00fcr Ihr Verst\u00e4ndnis!<\/p>\n<p><strong>Wer hat die Nachweispflicht?<\/strong><\/p>\n<p>Im Falle einer Garantie wird, wenn ein Mangel innerhalb von 3 Monaten nach dem Kauf entdeckt wird, davon ausgegangen, dass der Mangel bereits zum Zeitpunkt der Leistung (Kauf) vorhanden war, es sei denn, dies ist mit der Art der Ware oder der Art des Mangels unvereinbar. Daher m\u00fcssen wir im Falle eines Mangels innerhalb von drei Monaten oder innerhalb der Garantiezeit beweisen, dass das Produkt zum Zeitpunkt des Kaufs nicht mangelhaft war.<\/p>\n<p>In der Praxis bedeutet dies, dass wir, wenn wir die Reklamation des K\u00e4ufers nicht anerkennen oder seine Forderung ablehnen, in einem eventuellen Gerichtsverfahren des K\u00e4ufers unseren Standpunkt beweisen m\u00fcssen. Es ist wichtig zu wissen, dass eine Reklamation, die innerhalb von zwei Monaten nach der Entdeckung des Mangels gemeldet wird, als rechtzeitig gemeldet gilt.<\/p>\n<p>Wenn seit dem Kauf bereits 3 Monate vergangen sind, muss der Verbraucher beweisen, dass der Mangel bereits zum Zeitpunkt des Kaufs bestand. Dieser Nachweis kann durch eine von der Generalinspektion f\u00fcr Verbraucherschutz oder einer anderen akkreditierten Institution ausgestellte Bescheinigung erbracht werden. Die Kosten des Gutachtens (Inspektionsgeb\u00fchr, Porto f\u00fcr die Zusendung des Produkts usw.) gehen in diesem Fall zu Lasten des Verbrauchers und k\u00f6nnen dem Verk\u00e4ufer nur durch einen Gerichtsbeschluss auferlegt werden.<\/p>\n<p>Bei Anspr\u00fcchen des Verbrauchers wegen M\u00e4ngeln innerhalb der Garantiezeit wird davon ausgegangen, dass der Mangel zum Zeitpunkt des Kaufs f\u00fcr die gesamte Dauer der Garantie bestanden hat.<\/p>\n<p>Es ist wichtig zu beachten, dass wir nicht verpflichtet sind, dem Antrag des Kunden auf der Grundlage des Expertengutachtens stattzugeben, selbst wenn dieses den Anspruch des Verbrauchers begr\u00fcndet. Sollte der Fall jedoch vor Gericht verhandelt werden, kann das Gutachten als Beweismittel verwendet werden. Sie k\u00f6nnen sich bei den Verbraucherinspektionen erkundigen, welche Institutionen Untersuchungen \u00fcber das betreffende Produkt durchf\u00fchren.<\/p>\n<p>&nbsp;<\/p>\n<p>Erf\u00fcllung der Anspr\u00fcche des Verbrauchers<\/p>\n<p>Wenn wir die Reklamation als berechtigt anerkennen, k\u00f6nnen Sie von uns die Erf\u00fcllung der folgenden Verpflichtungen verlangen, und zwar in \u00dcbereinstimmung mit den Garantiebestimmungen, in der gesetzlich festgelegten Reihenfolge und unter den im Zivilgesetzbuch festgelegten Bedingungen:<\/p>\n<ol>\n<li>Erstens, Ersatz oder Reparatur (aufgrund der Beschaffenheit unserer Produkte k\u00f6nnen diese nicht repariert werden);<\/li>\n<li>zweitens, eine angemessene Preisminderung zu verlangen oder vom Vertrag zur\u00fcckzutreten. R\u00fccktritt vom Vertrag bedeutet, dass Sie die Kosten f\u00fcr die Ware zur\u00fcckerstattet bekommen m\u00fcssen, und nicht dass wir sie abkaufen lassen. Sie sind nicht verpflichtet, die Kosten abzukaufen, da es keinen Rechtsanspruch darauf gibt.<\/li>\n<\/ol>\n<p>&nbsp;<\/p>\n<p>Andere M\u00f6glichkeiten der Entsch\u00e4digung<\/p>\n<p>Wenn wir eine Qualit\u00e4tsbeschwerde nicht akzeptieren oder wenn wir sie zwar akzeptieren, Sie aber der Meinung sind, dass wir keine angemessenen Ma\u00dfnahmen ergreifen, k\u00f6nnen Sie sich bei den Verbraucherschutzbeh\u00f6rden beschweren, oder Sie k\u00f6nnen sich an den Berufsverband wenden, der mit dem Produkt in Verbindung steht, oder an eine soziale Organisation, die sich f\u00fcr die Verbraucherrechte einsetzt, oder an die Verbraucherschlichtungsstelle. Mit Ausnahme der Schlichtungsbeh\u00f6rden k\u00f6nnen diese keine Entscheidung in einem konkreten Fall treffen.<\/p>\n<p>&nbsp;<\/p>\n<p><strong>Datenschutzerkl\u00e4rung<\/strong><\/p>\n<p>f\u00fcr Besucher und registrierte Benutzer der Website collagenius.hu<\/p>\n<p>Der Dienstleister \/ Datenverantwortliche verarbeitet die Daten der auf der Website registrierten Personen, um ihnen einen angemessenen Service zu bieten.<\/p>\n<p>Der Dienstanbieter beabsichtigt, die rechtlichen Anforderungen an die Verarbeitung personenbezogener Daten, insbesondere die Verordnung (EU) 2016\/679 des Europ\u00e4ischen Parlaments und des Rates, vollst\u00e4ndig zu erf\u00fcllen.<\/p>\n<p>Der vorliegende Datenschutzhinweis wurde gem\u00e4\u00df der Verordnung (EU) 2016\/679 des Europ\u00e4ischen Parlaments und des Rates zum Schutz personenbezogener Daten nat\u00fcrlicher Personen und zum freien Datenverkehr unter Ber\u00fccksichtigung des Inhalts des Gesetzes CXII von 2011 \u00fcber das Recht auf informationelle Selbstbestimmung und Informationsfreiheit erstellt.<\/p>\n<p>&nbsp;<\/p>\n<p><strong>Name des Dienstleisters und des Datenverantwortlichen:<\/strong><\/p>\n<p>&nbsp;<\/p>\n<table>\n<tbody>\n<tr>\n<td>Name \/ Firmenname: Collagenius Kft.<\/td>\n<\/tr>\n<tr>\n<td>Eingetragener Firmensitz: 3348 Szilv\u00e1sv\u00e1rad, Park utca 9\/11.<\/td>\n<\/tr>\n<tr>\n<td>Steuernummer: 29309281-2-10<\/td>\n<\/tr>\n<tr>\n<td>Registrierungsnummer (cgj): 10-09-038850<\/td>\n<\/tr>\n<tr>\n<td>Name und Anschrift der Website: www.collagenius.hu<\/td>\n<\/tr>\n<tr>\n<td>Adresse f\u00fcr den Datenschutzhinweis: www.collagenius.hu<\/td>\n<\/tr>\n<\/tbody>\n<\/table>\n<p>&nbsp;<\/p>\n<p><strong>Kontaktangaben des f\u00fcr die Datenverantwortlichen:<\/strong><\/p>\n<p>Name \/ Firmenname: Collagenius Kft.<\/p>\n<p>Firmensitz: 3348 Szilv\u00e1sv\u00e1rad, Park utca 9\/11.<\/p>\n<p>Anschrift f\u00fcr den Briefkontakt: 3348 Szilv\u00e1sv\u00e1rad, Park utca 9\/11.<\/p>\n<p>E-Mail: info@collagenius.hu<\/p>\n<p>Telefon: +36 20 395 7424<\/p>\n<p>&nbsp;<\/p>\n","protected":false},"excerpt":{"rendered":"<p>Vertragsparteien: Einerseits der Betreiber der Website &#8222;www.collagenius.hu&#8220;, Collagenius Kft. (Sitz:  [&#8230;]<\/p>\n","protected":false},"author":1,"featured_media":0,"parent":0,"menu_order":0,"comment_status":"closed","ping_status":"closed","template":"","meta":{"_acf_changed":false,"footnotes":""},"class_list":["post-1666","page","type-page","status-publish","hentry"],"acf":[],"yoast_head":"<!-- This site is optimized with the Yoast SEO Premium plugin v26.7 (Yoast SEO v27.3) - https:\/\/yoast.com\/product\/yoast-seo-premium-wordpress\/ -->\n<title>Allgemeine Vertragsbedingungen - Collagenius - Webshop<\/title>\n<meta name=\"robots\" content=\"index, follow, max-snippet:-1, max-image-preview:large, max-video-preview:-1\" \/>\n<link rel=\"canonical\" href=\"https:\/\/collagenius.hu\/de\/allgemeine-vertragsbedingungen\/\" \/>\n<meta property=\"og:locale\" content=\"de_DE\" \/>\n<meta property=\"og:type\" content=\"article\" \/>\n<meta property=\"og:title\" content=\"Allgemeine Vertragsbedingungen Collagenius - Webshop\" \/>\n<meta property=\"og:description\" content=\"Vertragsparteien: Einerseits der Betreiber der Website &#8222;www.collagenius.hu&#8220;, Collagenius Kft. (Sitz: [...]\" \/>\n<meta property=\"og:url\" content=\"https:\/\/collagenius.hu\/de\/allgemeine-vertragsbedingungen\/\" \/>\n<meta property=\"og:site_name\" content=\"Collagenius - Webshop\" \/>\n<meta property=\"article:publisher\" content=\"https:\/\/www.facebook.com\/CollageniusHun\" \/>\n<meta property=\"article:modified_time\" content=\"2025-08-04T05:56:17+00:00\" \/>\n<meta property=\"og:image\" content=\"https:\/\/collagenius.hu\/wp-content\/uploads\/2023\/06\/collagenius_facebook_share.png\" \/>\n\t<meta property=\"og:image:width\" content=\"1200\" \/>\n\t<meta property=\"og:image:height\" content=\"630\" \/>\n\t<meta property=\"og:image:type\" content=\"image\/png\" \/>\n<meta name=\"twitter:card\" content=\"summary_large_image\" \/>\n<script type=\"application\/ld+json\" class=\"yoast-schema-graph\">{\"@context\":\"https:\\\/\\\/schema.org\",\"@graph\":[{\"@type\":\"WebPage\",\"@id\":\"https:\\\/\\\/collagenius.hu\\\/de\\\/allgemeine-vertragsbedingungen\\\/\",\"url\":\"https:\\\/\\\/collagenius.hu\\\/de\\\/allgemeine-vertragsbedingungen\\\/\",\"name\":\"Allgemeine Vertragsbedingungen - Collagenius - Webshop\",\"isPartOf\":{\"@id\":\"https:\\\/\\\/collagenius.hu\\\/de\\\/#website\"},\"datePublished\":\"2023-04-30T11:37:01+00:00\",\"dateModified\":\"2025-08-04T05:56:17+00:00\",\"breadcrumb\":{\"@id\":\"https:\\\/\\\/collagenius.hu\\\/de\\\/allgemeine-vertragsbedingungen\\\/#breadcrumb\"},\"inLanguage\":\"de\",\"potentialAction\":[{\"@type\":\"ReadAction\",\"target\":[\"https:\\\/\\\/collagenius.hu\\\/de\\\/allgemeine-vertragsbedingungen\\\/\"]}]},{\"@type\":\"BreadcrumbList\",\"@id\":\"https:\\\/\\\/collagenius.hu\\\/de\\\/allgemeine-vertragsbedingungen\\\/#breadcrumb\",\"itemListElement\":[{\"@type\":\"ListItem\",\"position\":1,\"name\":\"Kezd\u0151lap\",\"item\":\"https:\\\/\\\/collagenius.hu\\\/de\\\/\"},{\"@type\":\"ListItem\",\"position\":2,\"name\":\"Allgemeine Vertragsbedingungen\"}]},{\"@type\":\"WebSite\",\"@id\":\"https:\\\/\\\/collagenius.hu\\\/de\\\/#website\",\"url\":\"https:\\\/\\\/collagenius.hu\\\/de\\\/\",\"name\":\"Collagenius\",\"description\":\"A Collagenius egy magyar orvosok \u00e1ltal kifejlesztett, nagyon magas tisztas\u00e1g\u00fa, kiemelked\u0151 min\u0151s\u00e9g\u0171 kollag\u00e9n term\u00e9k\",\"publisher\":{\"@id\":\"https:\\\/\\\/collagenius.hu\\\/de\\\/#organization\"},\"potentialAction\":[{\"@type\":\"SearchAction\",\"target\":{\"@type\":\"EntryPoint\",\"urlTemplate\":\"https:\\\/\\\/collagenius.hu\\\/de\\\/?s={search_term_string}\"},\"query-input\":{\"@type\":\"PropertyValueSpecification\",\"valueRequired\":true,\"valueName\":\"search_term_string\"}}],\"inLanguage\":\"de\"},{\"@type\":\"Organization\",\"@id\":\"https:\\\/\\\/collagenius.hu\\\/de\\\/#organization\",\"name\":\"Collagenius - Webshop\",\"url\":\"https:\\\/\\\/collagenius.hu\\\/de\\\/\",\"logo\":{\"@type\":\"ImageObject\",\"inLanguage\":\"de\",\"@id\":\"https:\\\/\\\/collagenius.hu\\\/de\\\/#\\\/schema\\\/logo\\\/image\\\/\",\"url\":\"https:\\\/\\\/collagenius.hu\\\/wp-content\\\/uploads\\\/2023\\\/04\\\/Collagenius-logo@2x.png\",\"contentUrl\":\"https:\\\/\\\/collagenius.hu\\\/wp-content\\\/uploads\\\/2023\\\/04\\\/Collagenius-logo@2x.png\",\"width\":284,\"height\":80,\"caption\":\"Collagenius - Webshop\"},\"image\":{\"@id\":\"https:\\\/\\\/collagenius.hu\\\/de\\\/#\\\/schema\\\/logo\\\/image\\\/\"},\"sameAs\":[\"https:\\\/\\\/www.facebook.com\\\/CollageniusHun\",\"https:\\\/\\\/www.instagram.com\\\/collageniushun\\\/\",\"https:\\\/\\\/www.youtube.com\\\/channel\\\/UCfx20slTV8NJxJ_a08WgARw\"]}]}<\/script>\n<!-- \/ Yoast SEO Premium plugin. -->","yoast_head_json":{"title":"Allgemeine Vertragsbedingungen - Collagenius - Webshop","robots":{"index":"index","follow":"follow","max-snippet":"max-snippet:-1","max-image-preview":"max-image-preview:large","max-video-preview":"max-video-preview:-1"},"canonical":"https:\/\/collagenius.hu\/de\/allgemeine-vertragsbedingungen\/","og_locale":"de_DE","og_type":"article","og_title":"Allgemeine Vertragsbedingungen Collagenius - Webshop","og_description":"Vertragsparteien: Einerseits der Betreiber der Website &#8222;www.collagenius.hu&#8220;, Collagenius Kft. (Sitz: [...]","og_url":"https:\/\/collagenius.hu\/de\/allgemeine-vertragsbedingungen\/","og_site_name":"Collagenius - Webshop","article_publisher":"https:\/\/www.facebook.com\/CollageniusHun","article_modified_time":"2025-08-04T05:56:17+00:00","og_image":[{"width":1200,"height":630,"url":"https:\/\/collagenius.hu\/wp-content\/uploads\/2023\/06\/collagenius_facebook_share.png","type":"image\/png"}],"twitter_card":"summary_large_image","schema":{"@context":"https:\/\/schema.org","@graph":[{"@type":"WebPage","@id":"https:\/\/collagenius.hu\/de\/allgemeine-vertragsbedingungen\/","url":"https:\/\/collagenius.hu\/de\/allgemeine-vertragsbedingungen\/","name":"Allgemeine Vertragsbedingungen - Collagenius - Webshop","isPartOf":{"@id":"https:\/\/collagenius.hu\/de\/#website"},"datePublished":"2023-04-30T11:37:01+00:00","dateModified":"2025-08-04T05:56:17+00:00","breadcrumb":{"@id":"https:\/\/collagenius.hu\/de\/allgemeine-vertragsbedingungen\/#breadcrumb"},"inLanguage":"de","potentialAction":[{"@type":"ReadAction","target":["https:\/\/collagenius.hu\/de\/allgemeine-vertragsbedingungen\/"]}]},{"@type":"BreadcrumbList","@id":"https:\/\/collagenius.hu\/de\/allgemeine-vertragsbedingungen\/#breadcrumb","itemListElement":[{"@type":"ListItem","position":1,"name":"Kezd\u0151lap","item":"https:\/\/collagenius.hu\/de\/"},{"@type":"ListItem","position":2,"name":"Allgemeine Vertragsbedingungen"}]},{"@type":"WebSite","@id":"https:\/\/collagenius.hu\/de\/#website","url":"https:\/\/collagenius.hu\/de\/","name":"Collagenius","description":"A Collagenius egy magyar orvosok \u00e1ltal kifejlesztett, nagyon magas tisztas\u00e1g\u00fa, kiemelked\u0151 min\u0151s\u00e9g\u0171 kollag\u00e9n term\u00e9k","publisher":{"@id":"https:\/\/collagenius.hu\/de\/#organization"},"potentialAction":[{"@type":"SearchAction","target":{"@type":"EntryPoint","urlTemplate":"https:\/\/collagenius.hu\/de\/?s={search_term_string}"},"query-input":{"@type":"PropertyValueSpecification","valueRequired":true,"valueName":"search_term_string"}}],"inLanguage":"de"},{"@type":"Organization","@id":"https:\/\/collagenius.hu\/de\/#organization","name":"Collagenius - Webshop","url":"https:\/\/collagenius.hu\/de\/","logo":{"@type":"ImageObject","inLanguage":"de","@id":"https:\/\/collagenius.hu\/de\/#\/schema\/logo\/image\/","url":"https:\/\/collagenius.hu\/wp-content\/uploads\/2023\/04\/Collagenius-logo@2x.png","contentUrl":"https:\/\/collagenius.hu\/wp-content\/uploads\/2023\/04\/Collagenius-logo@2x.png","width":284,"height":80,"caption":"Collagenius - Webshop"},"image":{"@id":"https:\/\/collagenius.hu\/de\/#\/schema\/logo\/image\/"},"sameAs":["https:\/\/www.facebook.com\/CollageniusHun","https:\/\/www.instagram.com\/collageniushun\/","https:\/\/www.youtube.com\/channel\/UCfx20slTV8NJxJ_a08WgARw"]}]}},"_links":{"self":[{"href":"https:\/\/collagenius.hu\/de\/wp-json\/wp\/v2\/pages\/1666","targetHints":{"allow":["GET"]}}],"collection":[{"href":"https:\/\/collagenius.hu\/de\/wp-json\/wp\/v2\/pages"}],"about":[{"href":"https:\/\/collagenius.hu\/de\/wp-json\/wp\/v2\/types\/page"}],"author":[{"embeddable":true,"href":"https:\/\/collagenius.hu\/de\/wp-json\/wp\/v2\/users\/1"}],"replies":[{"embeddable":true,"href":"https:\/\/collagenius.hu\/de\/wp-json\/wp\/v2\/comments?post=1666"}],"version-history":[{"count":1,"href":"https:\/\/collagenius.hu\/de\/wp-json\/wp\/v2\/pages\/1666\/revisions"}],"predecessor-version":[{"id":5156,"href":"https:\/\/collagenius.hu\/de\/wp-json\/wp\/v2\/pages\/1666\/revisions\/5156"}],"wp:attachment":[{"href":"https:\/\/collagenius.hu\/de\/wp-json\/wp\/v2\/media?parent=1666"}],"curies":[{"name":"wp","href":"https:\/\/api.w.org\/{rel}","templated":true}]}}